{"id":196,"date":"2024-10-28T18:58:42","date_gmt":"2024-10-28T17:58:42","guid":{"rendered":"http:\/\/dev.hossdorf-bedachungen.de\/index.php\/one-page-express\/"},"modified":"2025-01-07T14:02:02","modified_gmt":"2025-01-07T13:02:02","slug":"one-page-express","status":"publish","type":"page","link":"https:\/\/dev.hossdorf-bedachungen.de\/","title":{"rendered":"Startseite"},"content":{"rendered":"<div  class=\"wp-block-group\"><\/div><div  data-label=\"About\" data-id=\"about-four-boxes-section\" data-category=\"about\" class=\"about-four-boxes-section\" id=\"about-2\" style=\"background-color: rgb(255, 255, 255);\"> <div  class=\"gridContainer\"> <div  class=\"about-four-boxes-innerrow flexbox-list\"> <div  class=\"about-four-boxes-imgcol\" data-bg=\"image\" style=\"background-image: url(&quot;http:\/\/dev.hossdorf-bedachungen.de\/wp-content\/uploads\/2024\/10\/ref_306.jpg&quot;);\"><\/div> <div  class=\"about-four-boxes-textcol\" data-type=\"column\"> <h6  class=\"\">Willkommen bei<\/h6> <h2  class=\"\">Ho\u00dfdorf \u2013 Bedachungen<\/h2> <p  class=\"\">Ihr Experte f\u00fcr alle Dacharbeiten im Kreis Euskirchen und Umgebung. \n<br >Wir bieten hochwertige Dienstleistungen f\u00fcr Bedachungen, Reparaturen und Wartung f\u00fcr Privat- und Gesch\u00e4ftskunden. \n<br ><br >Verlassen Sie sich auf unsere Erfahrung und Fachkenntnisse, um Ihr Dach in Top-Zustand zu halten.<\/p> <\/div> <div  class=\"about-four-boxes-textcol\" data-type=\"column\">  <h2  class=\"\">\u00dcber uns<\/h2> <p  class=\"\">Unser Team von erfahrenen Dachdeckern steht f\u00fcr Qualit\u00e4t, Zuverl\u00e4ssigkeit und erstklassigen Service. Mit jahrelanger Erfahrung und einem tiefen Verst\u00e4ndnis f\u00fcr verschiedenste Dachtypen und Materialien sind wir stolz darauf, unseren Kunden professionelle L\u00f6sungen und ma\u00dfgeschneiderte Beratung zu bieten. Unser Ziel ist es, Ihre Anforderungen zu verstehen und das beste Ergebnis f\u00fcr Ihr Dach zu liefern.<\/p> <\/div> <div  class=\"about-four-boxes-imgcol2\" data-bg=\"image\" style=\"background-image: url(&quot;http:\/\/dev.hossdorf-bedachungen.de\/wp-content\/uploads\/2024\/10\/ref_003.jpg&quot;);\"><\/div> <\/div> <\/div><\/div><div  data-label=\"Features\" data-id=\"features-small-icon-cards-section\" data-category=\"features\" class=\"features-small-icon-cards-section\" id=\"features-5\" style=\"background-color: rgb(246, 246, 246);\"> <div  class=\"gridContainer\"> <div  class=\"features-small-icon-cards-textrow\"> <div  class=\"features-small-icon-cards-textcol dynamic-color\" data-type=\"column\"> <h2  class=\"\">Unsere Leistungen:<\/h2> <p  class=\"\">Wir bieten ein breites Spektrum an Dienstleistungen f\u00fcr D\u00e4cher an, darunter Neueindeckungen, Reparaturen, Dachwartung, Dachrinnenreinigung, Isolierung und vieles mehr. Unser Team arbeitet pr\u00e4zise und effizient, um h\u00f6chste Standards zu gew\u00e4hrleisten. Egal ob Flachdach, Steildach oder Metalldach \u2013 wir sind Ihr kompetenter Partner f\u00fcr alle Dachbelange.<\/p> <div  class=\"spacer\" data-type=\"group\"><span  class=\"fa before\"><\/span><i  class=\"fa fa-angle-up\"><\/i><span  class=\"fa after\"><\/span><\/div><\/div> <\/div> <div  class=\"features-small-icon-cards-featuresrow dark-text\" data-type=\"row\"> <div  class=\"features-small-icon-cards-featcol\"> <div  class=\"features-small-icon-cards-featinnerrow\"> <div  class=\"features-small-icon-cards-iconcol\"> <i  data-cp-fa=\"true\" class=\"font-icon-23 fa fa-home\"><\/i> <\/div> <div  class=\"features-small-icon-cards-feattextcol\" data-type=\"column\"> <h4  class=\"\">Dacheindeckungen<\/h4> <p  class=\"\">Lorem ipsum dolor sit amet, consectetur adipisicing elit, sed do eiusmod tempor incididunt ut labore et dolore.<\/p> <\/div> <\/div> <\/div> <div  class=\"features-small-icon-cards-featcol\"> <div  class=\"features-small-icon-cards-featinnerrow\"> <div  class=\"features-small-icon-cards-iconcol\"> <i  data-cp-fa=\"true\" class=\"font-icon-23 fa fa-align-justify\"><\/i> <\/div> <div  class=\"features-small-icon-cards-feattextcol\" data-type=\"column\"> <h4  class=\"\">Terassen- und Balkonabdichtungen sowie Bel\u00e4ge<\/h4> <p  class=\"\">Lorem ipsum dolor sit amet, consectetur adipisicing elit, sed do eiusmod tempor incididunt ut labore et dolore.<\/p> <\/div> <\/div> <\/div> <div  class=\"features-small-icon-cards-featcol\"> <div  class=\"features-small-icon-cards-featinnerrow\"> <div  class=\"features-small-icon-cards-iconcol\"> <i  data-cp-fa=\"true\" class=\"font-icon-23 fa fa-eye\"><\/i> <\/div> <div  class=\"features-small-icon-cards-feattextcol\" data-type=\"column\"> <h4  class=\"\">Dachbegr\u00fcnung<\/h4> <p  class=\"\">Lorem ipsum dolor sit amet, consectetur adipisicing elit, sed do eiusmod tempor incididunt ut labore et dolore.<\/p> <\/div> <\/div> <\/div> <div  class=\"features-small-icon-cards-featcol\"> <div  class=\"features-small-icon-cards-featinnerrow\"> <div  class=\"features-small-icon-cards-iconcol\"> <i  data-cp-fa=\"true\" class=\"font-icon-23 fa fa-hand-pointer-o\"><\/i> <\/div> <div  class=\"features-small-icon-cards-feattextcol\" data-type=\"column\"> <h4  class=\"\">Dachsanierung<\/h4> <p  class=\"\">Lorem ipsum dolor sit amet, consectetur adipisicing elit, sed do eiusmod tempor incididunt ut labore et dolore.<\/p> <\/div> <\/div> <\/div> <div  class=\"features-small-icon-cards-featcol\"> <div  class=\"features-small-icon-cards-featinnerrow\"> <div  class=\"features-small-icon-cards-iconcol\"> <i  data-cp-fa=\"true\" class=\"font-icon-23 fa fa-hand-o-right\"><\/i> <\/div> <div  class=\"features-small-icon-cards-feattextcol\" data-type=\"column\"> <h4  class=\"\">Dachfenster<\/h4> <p  class=\"\">Lorem ipsum dolor sit amet, consectetur adipisicing elit, sed do eiusmod tempor incididunt ut labore et dolore.<\/p> <\/div> <\/div> <\/div> <div  class=\"features-small-icon-cards-featcol\"> <div  class=\"features-small-icon-cards-featinnerrow\"> <div  class=\"features-small-icon-cards-iconcol\"> <i  data-cp-fa=\"true\" class=\"font-icon-23 fa fa-handshake-o\"><\/i> <\/div> <div  class=\"features-small-icon-cards-feattextcol\" data-type=\"column\"> <h4  class=\"\">PV-Anlagen<\/h4> <p  class=\"\">Lorem ipsum dolor sit amet, consectetur adipisicing elit, sed do eiusmod tempor incididunt ut labore et dolore.<\/p> <\/div> <\/div> <\/div> <\/div> <\/div><\/div><div  data-label=\"Clients\" data-id=\"clients-strip-section\" data-category=\"clients\" class=\"clients-strip-section\" id=\"clients-2\" style=\"background-color: rgb(255, 255, 255);\"> <div  class=\"row_187\" data-type=\"row\" data-add-content=\"false\"> <div  class=\"clients-strip-itemcol cp2cols\"> <div  class=\"middle_align1\"><a  href=\"#\" target=\"_blank\"><img  decoding=\"async\" class=\"clients-strip-itemimg\" src=\"http:\/\/dev.hossdorf-bedachungen.de\/wp-content\/uploads\/2024\/10\/1516368497_roeben.jpg\"><\/a> <\/div> <\/div> <div  class=\"clients-strip-itemcol cp2cols\"> <div  class=\"middle_align1\"><a  href=\"#\"><img  decoding=\"async\" class=\"clients-strip-itemimg\" src=\"http:\/\/dev.hossdorf-bedachungen.de\/wp-content\/uploads\/2024\/10\/BauderLogo_mCl_DE_48mm_RGB.jpg\"><\/a> <\/div> <\/div> <div  class=\"clients-strip-itemcol cp2cols\"> <div  class=\"middle_align1\"><a  href=\"#\"><img  decoding=\"async\" class=\"clients-strip-itemimg\" src=\"http:\/\/dev.hossdorf-bedachungen.de\/wp-content\/uploads\/2024\/10\/Braas-Logo_web.jpg\"><\/a> <\/div> <\/div> <div  class=\"clients-strip-itemcol cp2cols\"> <div  class=\"middle_align1\"><a  href=\"#\"><img  decoding=\"async\" class=\"clients-strip-itemimg\" src=\"http:\/\/dev.hossdorf-bedachungen.de\/wp-content\/uploads\/2024\/10\/prefa-logo.png\"><\/a> <\/div> <\/div> <div  class=\"clients-strip-itemcol cp2cols\"> <div  class=\"middle_align1\"><a  href=\"#\"><img  decoding=\"async\" class=\"clients-strip-itemimg\" src=\"http:\/\/dev.hossdorf-bedachungen.de\/wp-content\/uploads\/2024\/10\/Rheinzink_LOGO_graustufen_300dpi-Kopie.jpg\"><\/a> <\/div> <\/div> <div  class=\"clients-strip-itemcol cp2cols\"> <div  class=\"middle_align1\"><a  href=\"#\"><img  decoding=\"async\" class=\"clients-strip-itemimg\" src=\"http:\/\/dev.hossdorf-bedachungen.de\/wp-content\/uploads\/2024\/10\/Roto_Marke_DST-DE-color.png\"><\/a> <\/div> <\/div> <\/div><\/div><div  data-label=\"Portfolio\" data-id=\"portfolio-cards-section\" data-category=\"portfolio\" class=\"portfolio-cards-section\" id=\"portfolio-1\" style=\"background-color: rgb(255, 255, 255);\"> <div  class=\"\"> <div  class=\"portfolio-cards-textcol dynamic-color\" data-type=\"column\"> <h2  class=\"\">Referenzprojekte<\/h2> <p  class=\"\">Inidividuell und ma\u00dfgeschneidert! Verwirklichen Sie Ihren Traum von Dacheindeckugen und vieles mehr\u2026.<\/p> <\/div> <div  class=\"portfolio-cards-projectsro dark-text\" data-type=\"row\"> <div  class=\"portfolio-cards-projectcol cp4cols cp6cols-tablet\"> <div  class=\"portfolio-cards-projectcard\"> <div  class=\"contentswap-effect ContentSwap104\" hover-fx=\"ContentSwap104\" id=\"ContentSwap104\" is-hovered=\"0\"> <div  class=\"ContentSwap104_content initial-image\"><img  decoding=\"async\" class=\"portfolio-cards-projectimg\" data-size=\"1200x800\" src=\"http:\/\/dev.hossdorf-bedachungen.de\/wp-content\/uploads\/2024\/10\/cropped-ref_102.jpg\"> <\/div> <div  class=\"overlay\" style=\"display: block; opacity: 1;\"><\/div> <div  class=\"swap-inner\" style=\"opacity: 1; display: block;\"> <div  class=\"ContentSwap104-center\"> <a  href=\"#\" target=\"_self\" data-reiki-hidden=\"true\"><i  data-cp-fa=\"true\" class=\"portfolio-card-icon fa fa-search\"><\/i><\/a> <\/div> <\/div> <\/div> <div  class=\"portfolio-cards-projectinfo\"> <div  class=\"portfolio-cards-projnamecol\" data-type=\"column\"> <a  href=\"#\" class=\"portfolio-cards-projlink\" target=\"_blank\"><h4  class=\"portfolio-cards-projtitle\">Vord\u00e4cher<\/h4><\/a> <\/div> <\/div> <\/div> <\/div> <div  class=\"portfolio-cards-projectcol cp4cols cp6cols-tablet\"> <div  class=\"portfolio-cards-projectcard\"> <div  class=\"contentswap-effect ContentSwap104\" hover-fx=\"ContentSwap104\" id=\"ContentSwap104\" is-hovered=\"1\"> <div  class=\"ContentSwap104_content initial-image\"><img  decoding=\"async\" class=\"portfolio-cards-projectimg\" data-size=\"1200x800\" src=\"http:\/\/dev.hossdorf-bedachungen.de\/wp-content\/uploads\/2024\/10\/cropped-ref_006.jpg\"> <\/div> <div  class=\"overlay\" style=\"display: block; opacity: 1;\"><\/div> <div  class=\"swap-inner\" style=\"opacity: 1; display: block;\"> <div  class=\"ContentSwap104-center\"> <a  href=\"#\" target=\"_self\" data-reiki-hidden=\"true\"><i  data-cp-fa=\"true\" class=\"portfolio-card-icon fa fa-search\"><\/i><\/a> <\/div> <\/div> <\/div> <div  class=\"portfolio-cards-projectinfo\"> <div  class=\"portfolio-cards-projnamecol\" data-type=\"column\"> <a  href=\"#\" class=\"portfolio-cards-projlink\" target=\"_self\"><h4  class=\"portfolio-cards-projtitle\">Dacheindeckungen<\/h4><\/a> <\/div> <\/div> <\/div> <\/div> <div  class=\"portfolio-cards-projectcol cp4cols cp6cols-tablet\"> <div  class=\"portfolio-cards-projectcard\"> <div  class=\"contentswap-effect ContentSwap104\" hover-fx=\"ContentSwap104\" id=\"ContentSwap104\" is-hovered=\"1\"> <div  class=\"ContentSwap104_content initial-image\"><img  decoding=\"async\" class=\"portfolio-cards-projectimg\" data-size=\"1200x800\" src=\"http:\/\/dev.hossdorf-bedachungen.de\/wp-content\/uploads\/2024\/10\/cropped-ref_106.jpg\"> <\/div> <div  class=\"overlay\" style=\"display: block; opacity: 1;\"><\/div> <div  class=\"swap-inner\" style=\"opacity: 1; display: block;\"> <div  class=\"ContentSwap104-center\"> <a  href=\"#\" target=\"_self\" data-reiki-hidden=\"true\"><i  data-cp-fa=\"true\" class=\"portfolio-card-icon fa fa-search\"><\/i><\/a> <\/div> <\/div> <\/div> <div  class=\"portfolio-cards-projectinfo\"> <div  class=\"portfolio-cards-projnamecol\" data-type=\"column\"> <a  href=\"#\" class=\"portfolio-cards-projlink\" target=\"_self\"><h4  class=\"portfolio-cards-projtitle\">Balkonbel\u00e4ge<\/h4><\/a> <\/div> <\/div> <\/div> <\/div> <div  class=\"portfolio-cards-projectcol cp4cols cp6cols-tablet\"> <div  class=\"portfolio-cards-projectcard\"> <div  class=\"contentswap-effect ContentSwap104\" hover-fx=\"ContentSwap104\" id=\"ContentSwap104\" is-hovered=\"1\"> <div  class=\"ContentSwap104_content initial-image\"><img  decoding=\"async\" class=\"portfolio-cards-projectimg\" data-size=\"1200x800\" src=\"http:\/\/dev.hossdorf-bedachungen.de\/wp-content\/uploads\/2024\/10\/cropped-ref_105.jpg\"> <\/div> <div  class=\"overlay\" style=\"display: block; opacity: 1;\"><\/div> <div  class=\"swap-inner\" style=\"opacity: 1; display: block;\"> <div  class=\"ContentSwap104-center\"> <a  href=\"#\" target=\"_self\" data-reiki-hidden=\"true\"><i  data-cp-fa=\"true\" class=\"portfolio-card-icon fa fa-search\"><\/i><\/a> <\/div> <\/div> <\/div> <div  class=\"portfolio-cards-projectinfo\"> <div  class=\"portfolio-cards-projnamecol\" data-type=\"column\"> <a  href=\"#\" class=\"portfolio-cards-projlink\" target=\"_self\"><h4  class=\"portfolio-cards-projtitle\">Terassend\u00e4cher<\/h4><\/a> <\/div> <\/div> <\/div> <\/div> <div  class=\"portfolio-cards-projectcol cp4cols cp6cols-tablet\"> <div  class=\"portfolio-cards-projectcard\"> <div  class=\"contentswap-effect ContentSwap104\" hover-fx=\"ContentSwap104\" id=\"ContentSwap104\" is-hovered=\"1\"> <div  class=\"ContentSwap104_content initial-image\"><img  decoding=\"async\" class=\"portfolio-cards-projectimg\" data-size=\"1200x800\" src=\"http:\/\/dev.hossdorf-bedachungen.de\/wp-content\/uploads\/2024\/10\/cropped-ref_014.jpg\"> <\/div> <div  class=\"overlay\" style=\"display: block; opacity: 1;\"><\/div> <div  class=\"swap-inner\" style=\"opacity: 1; display: block;\"> <div  class=\"ContentSwap104-center\"> <a  href=\"#\" target=\"_self\" data-reiki-hidden=\"true\"><i  data-cp-fa=\"true\" class=\"portfolio-card-icon fa fa-search\"><\/i><\/a> <\/div> <\/div> <\/div> <div  class=\"portfolio-cards-projectinfo\"> <div  class=\"portfolio-cards-projnamecol\" data-type=\"column\"> <a  href=\"#\" class=\"portfolio-cards-projlink\" target=\"_self\"><h4  class=\"portfolio-cards-projtitle\">Dachverkleidungen<\/h4><\/a> <\/div> <\/div> <\/div> <\/div> <div  class=\"portfolio-cards-projectcol cp4cols cp6cols-tablet\"> <div  class=\"portfolio-cards-projectcard\"> <div  class=\"contentswap-effect ContentSwap104\" hover-fx=\"ContentSwap104\" id=\"ContentSwap104\" is-hovered=\"1\"> <div  class=\"ContentSwap104_content initial-image\"><img  decoding=\"async\" class=\"portfolio-cards-projectimg\" data-size=\"1200x800\" src=\"http:\/\/dev.hossdorf-bedachungen.de\/wp-content\/uploads\/2024\/10\/cropped-ref_306.jpg\"> <\/div> <div  class=\"overlay\" style=\"display: block; opacity: 1;\"><\/div> <div  class=\"swap-inner\" style=\"opacity: 1; display: block;\"> <div  class=\"ContentSwap104-center\"> <a  href=\"#\" target=\"_self\" data-reiki-hidden=\"true\"><i  data-cp-fa=\"true\" class=\"portfolio-card-icon fa fa-search\"><\/i><\/a> <\/div> <\/div> <\/div> <div  class=\"portfolio-cards-projectinfo\"> <div  class=\"portfolio-cards-projnamecol\" data-type=\"column\"> <a  href=\"#\" class=\"portfolio-cards-projlink\" target=\"_self\"><h4  class=\"portfolio-cards-projtitle\">exklusive Dacheindeckungen<\/h4><\/a> <\/div> <\/div> <\/div> <\/div> <\/div> <\/div><\/div><div  data-label=\"Features\" data-id=\"features-small-image-cards-section\" data-category=\"features\" class=\"features-small-image-cards-section\" style=\"background-color: rgb(246, 246, 246);\" id=\"features-6\"> <div  class=\"gridContainer\"> <div  class=\"features-small-image-cards-textrow\"> <div  class=\"features-small-image-cards-textcol dynamic-color\" data-type=\"column\"> <h2  class=\"\">Dachfenster von hoher Qualit\u00e4t<\/h2> <p  class=\"\">Lorem ipsum dolor sit amet, consectetur adipisicing elit, sed do eiusmod tempor incididunt ut labore et dolore magna aliqua. Ut enim ad minim veniam, quis nostrud exercitation.<\/p> <\/div> <\/div> <div  class=\"features-small-image-cards-featrow dark-text\" data-type=\"row\"> <div  class=\"features-small-image-cards-featcol\"> <div  class=\"features-small-image-cards-featinnerrow flexbox-list\"> <div  class=\"features-small-image-cards-imgcol\" data-bg=\"image\" style=\"background-image: url(&quot;http:\/\/dev.hossdorf-bedachungen.de\/wp-content\/uploads\/2024\/10\/Roto_Marke_DST-DE-color.png&quot;);\"><\/div> <div  class=\"features-small-image-cards-featcol-feattextcol\" data-type=\"column\"> <h4  class=\"heading103\">Responsive Design<\/h4> <p  class=\"\">Lorem ipsum dolor sit amet, consectetur adipisicing elit, sed do eiusmod tempor incidid.<\/p> <hr  class=\"features-small-image-cards-separator\"> <\/div> <\/div> <\/div> <div  class=\"features-small-image-cards-featcol\"> <div  class=\"features-small-image-cards-featinnerrow flexbox-list\"> <div  class=\"features-small-image-cards-imgcol\" data-bg=\"image\" style=\"background-image: url(&quot;http:\/\/dev.hossdorf-bedachungen.de\/wp-content\/uploads\/2024\/10\/V-D-HW-VGB-Geschulter_Betrieb_07_300dpi.jpg&quot;);\"><\/div> <div  class=\"features-small-image-cards-featcol-feattextcol\" data-type=\"column\"> <h4  class=\"heading103\">Responsive Design<\/h4> <p  class=\"\">Lorem ipsum dolor sit amet, consectetur adipisicing elit, sed do eiusmod tempor incidid.<\/p> <hr  class=\"features-small-image-cards-separator\"> <\/div> <\/div> <\/div>   <\/div> <\/div><\/div>","protected":false},"excerpt":{"rendered":"<p>Willkommen bei Ho\u00dfdorf \u2013 Bedachungen Ihr Experte f\u00fcr alle Dacharbeiten im Kreis Euskirchen und Umgebung. Wir bieten hochwertige Dienstleistungen f\u00fcr Bedachungen, Reparaturen und Wartung f\u00fcr Privat- und Gesch\u00e4ftskunden. Verlassen Sie sich auf unsere Erfahrung und Fachkenntnisse, um Ihr Dach in Top-Zustand zu halten. \u00dcber uns Unser Team von erfahrenen Dachdeckern steht f\u00fcr Qualit\u00e4t, Zuverl\u00e4ssigkeit und&hellip; <br \/> <a class=\"button small blue\" href=\"https:\/\/dev.hossdorf-bedachungen.de\/index.php\/2024\/04\/23\/hallo-welt\/\">Weiterlesen<\/a><\/p>\n","protected":false},"author":1,"featured_media":0,"parent":0,"menu_order":0,"comment_status":"closed","ping_status":"closed","template":"template-gutentor-canvas.php","meta":{"ngg_post_thumbnail":0,"footnotes":""},"class_list":["post-196","page","type-page","status-publish","hentry"],"_links":{"self":[{"href":"https:\/\/dev.hossdorf-bedachungen.de\/index.php\/wp-json\/wp\/v2\/pages\/196","targetHints":{"allow":["GET"]}}],"collection":[{"href":"https:\/\/dev.hossdorf-bedachungen.de\/index.php\/wp-json\/wp\/v2\/pages"}],"about":[{"href":"https:\/\/dev.hossdorf-bedachungen.de\/index.php\/wp-json\/wp\/v2\/types\/page"}],"author":[{"embeddable":true,"href":"https:\/\/dev.hossdorf-bedachungen.de\/index.php\/wp-json\/wp\/v2\/users\/1"}],"replies":[{"embeddable":true,"href":"https:\/\/dev.hossdorf-bedachungen.de\/index.php\/wp-json\/wp\/v2\/comments?post=196"}],"version-history":[{"count":12,"href":"https:\/\/dev.hossdorf-bedachungen.de\/index.php\/wp-json\/wp\/v2\/pages\/196\/revisions"}],"predecessor-version":[{"id":275,"href":"https:\/\/dev.hossdorf-bedachungen.de\/index.php\/wp-json\/wp\/v2\/pages\/196\/revisions\/275"}],"wp:attachment":[{"href":"https:\/\/dev.hossdorf-bedachungen.de\/index.php\/wp-json\/wp\/v2\/media?parent=196"}],"curies":[{"name":"wp","href":"https:\/\/api.w.org\/{rel}","templated":true}]}}